{"id":158,"date":"2020-11-04T12:25:57","date_gmt":"2020-11-04T11:25:57","guid":{"rendered":"http:\/\/awara.fr\/?page_id=158"},"modified":"2020-11-17T12:22:23","modified_gmt":"2020-11-17T11:22:23","slug":"maitrise-doeuvre-2","status":"publish","type":"page","link":"https:\/\/awara.fr\/?page_id=158","title":{"rendered":"Ma\u00eetre d&#8217;oeuvre"},"content":{"rendered":"\n<p class=\"has-white-color has-text-color has-large-font-size\">Ma\u00eetrise d&#8217;oeuvre :<\/p>\n\n\n\n<p class=\"has-white-color has-text-color has-medium-font-size\"><strong>Awara<\/strong> est une entreprise sp\u00e9cialis\u00e9e tous corps d\u2019\u00e9tat du&nbsp;b\u00e2timent (d\u00e9molition, ma\u00e7onnerie, carrelage, plomberie, chauffage, \u00e9lectricit\u00e9,&nbsp;menuiserie sur mesure, peinture, remplacement de fen\u00eatres) qui saura vous&nbsp;accompagner d\u00e8s notre 1\u00e8re rencontre jusqu\u2019\u00e0 la fin de votre projet.<\/p>\n\n\n\n<div style=\"height:36px\" aria-hidden=\"true\" class=\"wp-block-spacer\"><\/div>\n\n\n\n<p class=\"has-white-color has-text-color has-medium-font-size\">-Notre objectif premier est d\u2019accro\u00eetre la valeur marchande de votre bien et de lui&nbsp;apporter une r\u00e9elle plus-value en termes d\u2019image et de qualit\u00e9 per\u00e7ue. Constater&nbsp;votre satisfaction \u00e0 la remise des cl\u00e9s et permettre de vous compter dans notre&nbsp;cercle de relations est l\u2019aboutissement de notre d\u00e9marche.<\/p>\n\n\n\n<div style=\"height:37px\" aria-hidden=\"true\" class=\"wp-block-spacer\"><\/div>\n\n\n\n<p class=\"has-white-color has-text-color has-medium-font-size\">-La soci\u00e9t\u00e9 Awara a pour vocation de r\u00e9nover, transformer, am\u00e9nager tous types&nbsp;d\u2019espaces, d\u2019une simple pi\u00e8ce \u00e0 un bien immobilier complet (Maison,Habitation, etc&#8230;), que vous soyez particulier ou professionnel.<\/p>\n\n\n\n<div style=\"height:35px\" aria-hidden=\"true\" class=\"wp-block-spacer\"><\/div>\n\n\n\n<p class=\"has-white-color has-text-color has-medium-font-size\">-Avec l\u2019exp\u00e9rience de nombreuses ann\u00e9es de pratique dans le domaine de la&nbsp;r\u00e9novation et de l\u2019agencement, nous vous proposons de d\u00e9velopper votre projet&nbsp;en tenant compte des particularit\u00e9s de votre bien, en trouvant la solution qui&nbsp;fera de votre int\u00e9rieur un lieu unique que vous serez fiers d\u2019occuper et de&nbsp;faire visiter \u00e0 vos proches.<\/p>\n\n\n\n<div style=\"height:30px\" aria-hidden=\"true\" class=\"wp-block-spacer\"><\/div>\n\n\n\n<div class=\"wp-block-image is-style-rounded\"><figure class=\"aligncenter size-large is-resized\"><img loading=\"lazy\" src=\"http:\/\/awara.fr\/wp-content\/uploads\/2020\/11\/Fotolia_169299246_S-e1604419355286.jpg\" alt=\"\" class=\"wp-image-146\" width=\"667\" height=\"444\"\/><\/figure><\/div>\n\n\n\n<p><\/p>\n\n\n\n<div style=\"height:31px\" aria-hidden=\"true\" class=\"wp-block-spacer\"><\/div>\n\n\n\n<h3 class=\"has-white-color has-text-color\">Obligations du ma\u00eetre&nbsp;d&#8217;\u0153uvre :<\/h3>\n\n\n\n<p class=\"has-white-color has-text-color has-medium-font-size\">Le ma\u00eetre d&#8217;\u0153uvre se doit donc de respecter les d\u00e9lais fix\u00e9s au d\u00e9part, mais aussi le budget qui figure dans le contrat. En contrepartie, il a le choix des moyens techniques qu&#8217;il va d\u00e9ployer. Pour l&#8217;aider \u00e0 r\u00e9aliser les diff\u00e9rentes t\u00e2ches et \u00e0 g\u00e9rer correctement l&#8217;ouvrage, il peut s&#8217;appuyer sur un chef de projet.<\/p>\n","protected":false},"excerpt":{"rendered":"<p>Ma\u00eetrise d&#8217;oeuvre : Awara est une entreprise sp\u00e9cialis\u00e9e tous corps d\u2019\u00e9tat du&nbsp;b\u00e2timent (d\u00e9molition, ma\u00e7onnerie, carrelage, plomberie, chauffage, \u00e9lectricit\u00e9,&nbsp;menuiserie sur mesure, peinture, remplacement de fen\u00eatres) qui saura vous&nbsp;accompagner d\u00e8s notre 1\u00e8re rencontre jusqu\u2019\u00e0 la fin de votre projet. -Notre objectif premier est d\u2019accro\u00eetre la valeur marchande de votre bien et de lui&nbsp;apporter une r\u00e9elle plus-value en [&hellip;]<\/p>\n","protected":false},"author":1,"featured_media":0,"parent":0,"menu_order":0,"comment_status":"closed","ping_status":"closed","template":"","meta":[],"_links":{"self":[{"href":"https:\/\/awara.fr\/index.php?rest_route=\/wp\/v2\/pages\/158"}],"collection":[{"href":"https:\/\/awara.fr\/index.php?rest_route=\/wp\/v2\/pages"}],"about":[{"href":"https:\/\/awara.fr\/index.php?rest_route=\/wp\/v2\/types\/page"}],"author":[{"embeddable":true,"href":"https:\/\/awara.fr\/index.php?rest_route=\/wp\/v2\/users\/1"}],"replies":[{"embeddable":true,"href":"https:\/\/awara.fr\/index.php?rest_route=%2Fwp%2Fv2%2Fcomments&post=158"}],"version-history":[{"count":19,"href":"https:\/\/awara.fr\/index.php?rest_route=\/wp\/v2\/pages\/158\/revisions"}],"predecessor-version":[{"id":391,"href":"https:\/\/awara.fr\/index.php?rest_route=\/wp\/v2\/pages\/158\/revisions\/391"}],"wp:attachment":[{"href":"https:\/\/awara.fr\/index.php?rest_route=%2Fwp%2Fv2%2Fmedia&parent=158"}],"curies":[{"name":"wp","href":"https:\/\/api.w.org\/{rel}","templated":true}]}}