{"id":201,"date":"2020-11-04T17:28:25","date_gmt":"2020-11-04T16:28:25","guid":{"rendered":"http:\/\/awara.fr\/?page_id=201"},"modified":"2020-11-17T12:18:56","modified_gmt":"2020-11-17T11:18:56","slug":"import-export","status":"publish","type":"page","link":"https:\/\/awara.fr\/?page_id=201","title":{"rendered":"Import-Export"},"content":{"rendered":"\n<p class=\"has-white-color has-text-color has-large-font-size\">Import-Export :<\/p>\n\n\n\n<div class=\"wp-block-image is-style-rounded\"><figure class=\"alignright size-large\"><img loading=\"lazy\" width=\"500\" height=\"314\" src=\"http:\/\/awara.fr\/wp-content\/uploads\/2020\/11\/nous-vous-aidons-a-importer.jpg\" alt=\"\" class=\"wp-image-211\" srcset=\"https:\/\/awara.fr\/wp-content\/uploads\/2020\/11\/nous-vous-aidons-a-importer.jpg 500w, https:\/\/awara.fr\/wp-content\/uploads\/2020\/11\/nous-vous-aidons-a-importer-300x188.jpg 300w\" sizes=\"(max-width: 500px) 100vw, 500px\" \/><\/figure><\/div>\n\n\n\n<p><\/p>\n\n\n\n<p class=\"has-white-color has-text-color has-medium-font-size\">Nous sommes une soci\u00e9t\u00e9 d\u2019Import-Export qui propose des prestations de Sourcing \u00e0 ses clients afin de fluidifier leurs logistiques.<\/p>\n\n\n\n<p class=\"has-white-color has-text-color has-medium-font-size\">Aujourd\u2019hui nous r\u00e9pondons sur quasiment l\u2019ensemble des demandes d\u2019approvisionnements.<\/p>\n\n\n\n<p class=\"has-white-color has-text-color has-medium-font-size\">Nous sommes sp\u00e9cialis\u00e9s dans le \u00ab&nbsp;sur mesure&nbsp;\u00bb notre objectif premier est de trouver vos produits o\u00f9 qu\u2019ils soient fabriqu\u00e9s ou cas \u00e9ch\u00e9ant nous les faisons produire directement dans le respect des normes Europ\u00e9ennes et de vos cahiers des charges.<\/p>\n\n\n\n<div style=\"height:29px\" aria-hidden=\"true\" class=\"wp-block-spacer\"><\/div>\n\n\n\n<p class=\"has-white-color has-text-color has-medium-font-size\">&#8211; Une infrastructure logistique (entrep\u00f4ts, moyens de transport, \u2026)<\/p>\n\n\n\n<p class=\"has-white-color has-text-color has-medium-font-size\">&#8211; Un r\u00e9seau de distribution local (succursales, filiales, r\u00e9seaux de d\u00e9taillants, \u2026)<\/p>\n\n\n\n<p class=\"has-white-color has-text-color has-medium-font-size\">&#8211; Un r\u00e9seau de contacts professionnels locaux.<\/p>\n\n\n\n<div class=\"wp-block-image is-style-rounded\"><figure class=\"alignleft size-large is-resized\"><img loading=\"lazy\" src=\"http:\/\/awara.fr\/wp-content\/uploads\/2020\/11\/115595411-transportation-import-export-commercial-logistic-shipping-business-industry-container-truck-ship-in-.jpg\" alt=\"\" class=\"wp-image-209\" width=\"626\" height=\"417\" srcset=\"https:\/\/awara.fr\/wp-content\/uploads\/2020\/11\/115595411-transportation-import-export-commercial-logistic-shipping-business-industry-container-truck-ship-in-.jpg 450w, https:\/\/awara.fr\/wp-content\/uploads\/2020\/11\/115595411-transportation-import-export-commercial-logistic-shipping-business-industry-container-truck-ship-in--300x200.jpg 300w\" sizes=\"(max-width: 626px) 100vw, 626px\" \/><\/figure><\/div>\n\n\n\n<div style=\"height:100px\" aria-hidden=\"true\" class=\"wp-block-spacer\"><\/div>\n","protected":false},"excerpt":{"rendered":"<p>Import-Export : Nous sommes une soci\u00e9t\u00e9 d\u2019Import-Export qui propose des prestations de Sourcing \u00e0 ses clients afin de fluidifier leurs logistiques. Aujourd\u2019hui nous r\u00e9pondons sur quasiment l\u2019ensemble des demandes d\u2019approvisionnements. Nous sommes sp\u00e9cialis\u00e9s dans le \u00ab&nbsp;sur mesure&nbsp;\u00bb notre objectif premier est de trouver vos produits o\u00f9 qu\u2019ils soient fabriqu\u00e9s ou cas \u00e9ch\u00e9ant nous les faisons [&hellip;]<\/p>\n","protected":false},"author":1,"featured_media":0,"parent":0,"menu_order":0,"comment_status":"closed","ping_status":"closed","template":"","meta":[],"_links":{"self":[{"href":"https:\/\/awara.fr\/index.php?rest_route=\/wp\/v2\/pages\/201"}],"collection":[{"href":"https:\/\/awara.fr\/index.php?rest_route=\/wp\/v2\/pages"}],"about":[{"href":"https:\/\/awara.fr\/index.php?rest_route=\/wp\/v2\/types\/page"}],"author":[{"embeddable":true,"href":"https:\/\/awara.fr\/index.php?rest_route=\/wp\/v2\/users\/1"}],"replies":[{"embeddable":true,"href":"https:\/\/awara.fr\/index.php?rest_route=%2Fwp%2Fv2%2Fcomments&post=201"}],"version-history":[{"count":11,"href":"https:\/\/awara.fr\/index.php?rest_route=\/wp\/v2\/pages\/201\/revisions"}],"predecessor-version":[{"id":389,"href":"https:\/\/awara.fr\/index.php?rest_route=\/wp\/v2\/pages\/201\/revisions\/389"}],"wp:attachment":[{"href":"https:\/\/awara.fr\/index.php?rest_route=%2Fwp%2Fv2%2Fmedia&parent=201"}],"curies":[{"name":"wp","href":"https:\/\/api.w.org\/{rel}","templated":true}]}}