{"id":214,"date":"2020-11-04T18:03:46","date_gmt":"2020-11-04T17:03:46","guid":{"rendered":"http:\/\/awara.fr\/?page_id=214"},"modified":"2020-11-17T09:22:33","modified_gmt":"2020-11-17T08:22:33","slug":"class-auto","status":"publish","type":"page","link":"https:\/\/awara.fr\/?page_id=214","title":{"rendered":""},"content":{"rendered":"\n<p class=\"has-white-color has-text-color has-large-font-size\"><strong>Class-Auto<\/strong><\/p>\n\n\n\n<div style=\"height:100px\" aria-hidden=\"true\" class=\"wp-block-spacer\"><\/div>\n\n\n\n<p class=\"has-white-color has-text-color has-medium-font-size\"><strong>Mandataire automobile \u2013 Qui sommes-nous ?<\/strong><\/p>\n\n\n\n<p class=\"has-white-color has-text-color has-medium-font-size\"><strong>Class-Auto<\/strong> est un site de vente automobile de la soci\u00e9t\u00e9 AWARA sourceur depuis 10 ans.<\/p>\n\n\n\n<p class=\"has-white-color has-text-color has-medium-font-size\"><strong>Class-Auto<\/strong> , mandataire auto, assure la vente de voitures neuves toutes marques avec les garanties du constructeur valables dans l\u2019ensemble du r\u00e9seau automobile fran\u00e7ais, nous sommes un v\u00e9ritable portail automobile.<\/p>\n\n\n\n<p class=\"has-white-color has-text-color has-medium-font-size\"><strong>Mandataire automobile<\/strong> sp\u00e9cialis\u00e9 dans la vente par correspondance de v\u00e9hicules neufs, <strong>Class-Auto<\/strong> est une centrale d\u2019achat vous permettant d\u2019obtenir des remises sur 36 marques et ainsi d\u2019acheter votre voiture neuve pas ch\u00e8re.<\/p>\n\n\n\n<p class=\"has-white-color has-text-color has-medium-font-size\"><strong>Class-Auto<\/strong>, <strong>mandataire automobile<\/strong>, vous propose chaque mois des promotions sur de nombreuses marques cumulables aux prix d\u00e9j\u00e0 n\u00e9goci\u00e9s pour vous faire profiter de votre auto moins ch\u00e8re et des meilleures conditions dans l\u2019achat de votre <strong>voiture neuve<\/strong>.<\/p>\n\n\n\n<p class=\"has-white-color has-text-color has-medium-font-size\"><strong>Class-Auto<\/strong>, mandataire voiture, n\u00e9gocie pour le compte de ses clients plusieurs milliers d\u2019autos par an, et parmi celles \u2013 ci se trouve votre voiture pas ch\u00e8re que vous pourrez acheter neuve avec les meilleures conditions et les meilleurs avantages du march\u00e9 automobile neuf fran\u00e7ais.<\/p>\n\n\n\n<p class=\"has-white-color has-text-color has-medium-font-size\">Choisissez <strong>Class-Auto<\/strong> , <strong>mandataire automobile<\/strong>, consultez notre site web http:\/\/<a href=\"http:\/\/class-auto.fr\/\">www.class-auto.fr<\/a> .Pour connaitre plus en d\u00e9tail les modalit\u00e9s d\u2019achat de votre voiture neuve consulter les <a href=\"http:\/\/www.class-auto.fr\/content\/conditions\/\">CGV<\/a>.<\/p>\n","protected":false},"excerpt":{"rendered":"<p>Class-Auto Mandataire automobile \u2013 Qui sommes-nous ? Class-Auto est un site de vente automobile de la soci\u00e9t\u00e9 AWARA sourceur depuis 10 ans. Class-Auto , mandataire auto, assure la vente de voitures neuves toutes marques avec les garanties du constructeur valables dans l\u2019ensemble du r\u00e9seau automobile fran\u00e7ais, nous sommes un v\u00e9ritable portail automobile. Mandataire automobile sp\u00e9cialis\u00e9 [&hellip;]<\/p>\n","protected":false},"author":1,"featured_media":0,"parent":0,"menu_order":0,"comment_status":"closed","ping_status":"closed","template":"","meta":[],"_links":{"self":[{"href":"https:\/\/awara.fr\/index.php?rest_route=\/wp\/v2\/pages\/214"}],"collection":[{"href":"https:\/\/awara.fr\/index.php?rest_route=\/wp\/v2\/pages"}],"about":[{"href":"https:\/\/awara.fr\/index.php?rest_route=\/wp\/v2\/types\/page"}],"author":[{"embeddable":true,"href":"https:\/\/awara.fr\/index.php?rest_route=\/wp\/v2\/users\/1"}],"replies":[{"embeddable":true,"href":"https:\/\/awara.fr\/index.php?rest_route=%2Fwp%2Fv2%2Fcomments&post=214"}],"version-history":[{"count":5,"href":"https:\/\/awara.fr\/index.php?rest_route=\/wp\/v2\/pages\/214\/revisions"}],"predecessor-version":[{"id":348,"href":"https:\/\/awara.fr\/index.php?rest_route=\/wp\/v2\/pages\/214\/revisions\/348"}],"wp:attachment":[{"href":"https:\/\/awara.fr\/index.php?rest_route=%2Fwp%2Fv2%2Fmedia&parent=214"}],"curies":[{"name":"wp","href":"https:\/\/api.w.org\/{rel}","templated":true}]}}