{"id":287,"date":"2020-11-10T14:20:47","date_gmt":"2020-11-10T13:20:47","guid":{"rendered":"http:\/\/awara.fr\/?page_id=287"},"modified":"2020-11-18T09:43:03","modified_gmt":"2020-11-18T08:43:03","slug":"mentions-legales","status":"publish","type":"page","link":"https:\/\/awara.fr\/?page_id=287","title":{"rendered":""},"content":{"rendered":"\n<p class=\"has-text-align-center has-white-color has-text-color has-large-font-size\"><em><strong>Mentions l\u00e9gales<\/strong><\/em> <\/p>\n\n\n\n<div style=\"height:100px\" aria-hidden=\"true\" class=\"wp-block-spacer\"><\/div>\n\n\n\n<p class=\"has-text-align-center has-white-color has-text-color\" style=\"font-size:25px\"><strong>Editeur<\/strong> :<\/p>\n\n\n\n<div style=\"height:28px\" aria-hidden=\"true\" class=\"wp-block-spacer\"><\/div>\n\n\n\n<p class=\"has-text-align-center has-white-color has-text-color has-medium-font-size\">SARL AWARA<br>6, rue d&#8217;Armaill\u00e9 75017 PARIS<\/p>\n\n\n\n<p class=\"has-text-align-center has-white-color has-text-color has-medium-font-size\">Tel : 01.70.70.02.13<br>Fax : 09.72.25.85.99<\/p>\n\n\n\n<p class=\"has-text-align-center has-white-color has-text-color has-medium-font-size\">Soci\u00e9t\u00e9 au capital de 10 000 Euro<br>Siret : 512901890500013<br>512 918 905 RCS NANTERRE<\/p>\n\n\n\n<div style=\"height:28px\" aria-hidden=\"true\" class=\"wp-block-spacer\"><\/div>\n\n\n\n<p class=\"has-text-align-center has-white-color has-text-color\" style=\"font-size:25px\"><strong>Directeur de la publication :<\/strong><\/p>\n\n\n\n<div style=\"height:22px\" aria-hidden=\"true\" class=\"wp-block-spacer\"><\/div>\n\n\n\n<p class=\"has-text-align-center has-white-color has-text-color has-medium-font-size\">Mario Marigard, Directeur G\u00e9n\u00e9ral.<\/p>\n\n\n\n<div style=\"height:31px\" aria-hidden=\"true\" class=\"wp-block-spacer\"><\/div>\n\n\n\n<p class=\"has-text-align-center has-white-color has-text-color\" style=\"font-size:25px\"><strong>Conception, d\u00e9veloppement et r\u00e9alisation<\/strong> :<\/p>\n\n\n\n<div style=\"height:20px\" aria-hidden=\"true\" class=\"wp-block-spacer\"><\/div>\n\n\n\n<p class=\"has-text-align-center has-white-color has-text-color\">Myron Marigard<\/p>\n\n\n\n<div style=\"height:30px\" aria-hidden=\"true\" class=\"wp-block-spacer\"><\/div>\n\n\n\n<p class=\"has-text-align-center has-white-color has-text-color\" style=\"font-size:25px\"><strong>H\u00e9bergement<\/strong> :<\/p>\n\n\n\n<div style=\"height:21px\" aria-hidden=\"true\" class=\"wp-block-spacer\"><\/div>\n\n\n\n<p class=\"has-text-align-center has-white-color has-text-color has-medium-font-size\">L\u2019h\u00e9bergement du site est assur\u00e9 par la soci\u00e9t\u00e9 OVH<\/p>\n\n\n\n<div style=\"height:29px\" aria-hidden=\"true\" class=\"wp-block-spacer\"><\/div>\n\n\n\n<p class=\"has-text-align-center has-white-color has-text-color\" style=\"font-size:25px\"><strong>Traitement des donn\u00e9es<\/strong><\/p>\n\n\n\n<p class=\"has-text-align-center has-white-color has-text-color has-medium-font-size\"><br>Les donn\u00e9es personnelles recueillies sur le site r\u00e9sultent de la communication volontaire de ces informations, elles sont collect\u00e9es au moyen des diff\u00e9rents formulaires.<br>Ces donn\u00e9es sont destin\u00e9es \u00e0 la SARL AWARA .<br>En aucun cas, elles ne seront communiqu\u00e9es \u00e0 des tiers.<br><br>Ces informations sont conserv\u00e9es de mani\u00e8re confidentielle durant toute la dur\u00e9e de la relation commerciale.<br><br>Conform\u00e9ment \u00e0 la loi n\u00b0 78-17 du 6 janvier 1978, vous disposez d&#8217;un droit d&#8217;acc\u00e8s, de modification, de rectification et de suppression des donn\u00e9es vous concernant<br>Pour l&#8217;exercer, adressez-vous \u00e0 :<br>SARL AWARA, 6 rue d&#8217;armaill\u00e9 75017 Paris. ou en utilisant le formulaire de contact.<\/p>\n\n\n\n<div style=\"height:30px\" aria-hidden=\"true\" class=\"wp-block-spacer\"><\/div>\n\n\n\n<p class=\"has-text-align-center has-white-color has-text-color\" style=\"font-size:25px\"><strong>Droit d&#8217;auteur<\/strong> :<\/p>\n\n\n\n<p class=\"has-text-align-center has-white-color has-text-color has-medium-font-size\" style=\"font-size:25px\"><br>L&#8217;ensemble de ce site Internet rel\u00e8ve de la l\u00e9gislation fran\u00e7aise et internationale sur le droit d&#8217;auteur et la propri\u00e9t\u00e9 intellectuelle.<br>Tous les droits de reproduction sont r\u00e9serv\u00e9s y compris les documents iconographiques et photographiques.<br><br>Toute repr\u00e9sentation totale ou partielle de ce site par quelque proc\u00e9d\u00e9 que ce soit, sans l&#8217;autorisation expresse de la SARL AWARA est interdite et constituerait une contrefa\u00e7on sanctionn\u00e9e par le Code de la propri\u00e9t\u00e9 intellectuelle.<br><br>Sauf mention, les images, textes et logos figurant sur le site sont la propri\u00e9t\u00e9 de la SARL AWARA .<br>Toute reproduction totale ou partielle de ces \u00e9l\u00e9ments, effectu\u00e9es sans autorisation expresse est interdite.<br><br>Les marques cit\u00e9es sur ce site Internet sont d\u00e9pos\u00e9es par la soci\u00e9t\u00e9 qui en est propri\u00e9taire.<\/p>\n\n\n\n<div style=\"height:29px\" aria-hidden=\"true\" class=\"wp-block-spacer\"><\/div>\n\n\n\n<p class=\"has-text-align-center has-white-color has-text-color\" style=\"font-size:25px\"><strong>Dispositions l\u00e9gales<\/strong> :<\/p>\n\n\n\n<p class=\"has-text-align-center has-white-color has-text-color has-medium-font-size\"><br>Les diff\u00e9rents \u00e9l\u00e9ments du site Internet (la forme, la mise en page, la structure, les images et illustrations\u2026) sont prot\u00e9g\u00e9s par le droit des dessins et mod\u00e8les, le droit d&#8217;auteur, le droit des marques ainsi que le droit \u00e0 l&#8217;image.<br>Ils ne peuvent \u00eatre copi\u00e9s ou imit\u00e9s en tout ou partie sans autorisation expresse du directeur de publication.<br>Toute personne ne respectant pas les dispositions l\u00e9gales applicables se rend coupable du d\u00e9lit de contrefa\u00e7on et est passible des sanctions p\u00e9nales pr\u00e9vues par la loi.<\/p>\n\n\n\n<div style=\"height:32px\" aria-hidden=\"true\" class=\"wp-block-spacer\"><\/div>\n\n\n\n<p class=\"has-text-align-center has-white-color has-text-color\" style=\"font-size:25px\"><em><strong>Nous vous informons que :<\/strong><\/em><\/p>\n\n\n\n<div style=\"height:21px\" aria-hidden=\"true\" class=\"wp-block-spacer\"><\/div>\n\n\n\n<p class=\"has-text-align-center has-white-color has-text-color has-medium-font-size\">&#8211; Le secret des correspondances transmises sur le r\u00e9seau Internet n&#8217;est pas garanti.<\/p>\n\n\n\n<p class=\"has-text-align-center has-white-color has-text-color has-medium-font-size\">&#8211; Les courriers \u00e9lectroniques sont conserv\u00e9s sur support informatique ou papier le temps pour la SARL AWARA de fournir une r\u00e9ponse ou de traiter vos demandes.<\/p>\n","protected":false},"excerpt":{"rendered":"<p>Mentions l\u00e9gales Editeur : SARL AWARA6, rue d&#8217;Armaill\u00e9 75017 PARIS Tel : 01.70.70.02.13Fax : 09.72.25.85.99 Soci\u00e9t\u00e9 au capital de 10 000 EuroSiret : 512901890500013512 918 905 RCS NANTERRE Directeur de la publication : Mario Marigard, Directeur G\u00e9n\u00e9ral. Conception, d\u00e9veloppement et r\u00e9alisation : Myron Marigard H\u00e9bergement : L\u2019h\u00e9bergement du site est assur\u00e9 par la soci\u00e9t\u00e9 OVH [&hellip;]<\/p>\n","protected":false},"author":1,"featured_media":0,"parent":0,"menu_order":1,"comment_status":"closed","ping_status":"closed","template":"","meta":[],"_links":{"self":[{"href":"https:\/\/awara.fr\/index.php?rest_route=\/wp\/v2\/pages\/287"}],"collection":[{"href":"https:\/\/awara.fr\/index.php?rest_route=\/wp\/v2\/pages"}],"about":[{"href":"https:\/\/awara.fr\/index.php?rest_route=\/wp\/v2\/types\/page"}],"author":[{"embeddable":true,"href":"https:\/\/awara.fr\/index.php?rest_route=\/wp\/v2\/users\/1"}],"replies":[{"embeddable":true,"href":"https:\/\/awara.fr\/index.php?rest_route=%2Fwp%2Fv2%2Fcomments&post=287"}],"version-history":[{"count":13,"href":"https:\/\/awara.fr\/index.php?rest_route=\/wp\/v2\/pages\/287\/revisions"}],"predecessor-version":[{"id":403,"href":"https:\/\/awara.fr\/index.php?rest_route=\/wp\/v2\/pages\/287\/revisions\/403"}],"wp:attachment":[{"href":"https:\/\/awara.fr\/index.php?rest_route=%2Fwp%2Fv2%2Fmedia&parent=287"}],"curies":[{"name":"wp","href":"https:\/\/api.w.org\/{rel}","templated":true}]}}